{"id":831,"date":"2018-07-24T11:42:52","date_gmt":"2018-07-24T09:42:52","guid":{"rendered":"https:\/\/kaya-kollegen.de\/?page_id=831"},"modified":"2019-01-29T22:47:29","modified_gmt":"2019-01-29T21:47:29","slug":"kredikarsilastirma","status":"publish","type":"page","link":"https:\/\/kaya-kollegen.de\/tr\/ihtiyackredisi\/kredikarsilastirma\/","title":{"rendered":"Kredi Kar\u015f\u0131la\u015ft\u0131rma"},"content":{"rendered":"\n<style type=\"text\/css\" data-created_by=\"avia_inline_auto\" id=\"style-css-av-yyx77-99daead81c5700070d66b4c6115e9495\">\n.avia-section.av-yyx77-99daead81c5700070d66b4c6115e9495{\nbackground-repeat:no-repeat;\nbackground-image:url(https:\/\/kaya-kollegen.de\/wp-content\/uploads\/2018\/07\/bank-note-209104.jpg);\nbackground-position:50% 50%;\nbackground-attachment:fixed;\n}\n.avia-section.av-yyx77-99daead81c5700070d66b4c6115e9495 .av-section-color-overlay{\nopacity:0.8;\nbackground-color:#d8002f;\n}\n<\/style>\n<div id='page_title'  class='avia-section av-yyx77-99daead81c5700070d66b4c6115e9495 main_color avia-section-default avia-no-shadow  avia-builder-el-0  el_before_av_section  avia-builder-el-first  avia-full-stretch avia-bg-style-fixed av-section-color-overlay-active container_wrap fullsize'  data-section-bg-repeat='stretch'><div class=\"av-section-color-overlay-wrap\"><div class=\"av-section-color-overlay\"><\/div><div class='container av-section-cont-open' ><main  role=\"main\" itemprop=\"mainContentOfPage\"  class='template-page content  av-content-full alpha units'><div class='post-entry post-entry-type-page post-entry-831'><div class='entry-content-wrapper clearfix'>\n\n<style type=\"text\/css\" data-created_by=\"avia_inline_auto\" id=\"style-css-av-jrc4ida7-2d53a975ec4dd25c93047ae082375e3d\">\n#top .av-special-heading.av-jrc4ida7-2d53a975ec4dd25c93047ae082375e3d{\npadding-bottom:0;\ncolor:#ffffff;\n}\nbody .av-special-heading.av-jrc4ida7-2d53a975ec4dd25c93047ae082375e3d .av-special-heading-tag .heading-char{\nfont-size:25px;\n}\n.av-special-heading.av-jrc4ida7-2d53a975ec4dd25c93047ae082375e3d .special-heading-inner-border{\nborder-color:#ffffff;\n}\n.av-special-heading.av-jrc4ida7-2d53a975ec4dd25c93047ae082375e3d .av-subheading{\nfont-size:15px;\n}\n<\/style>\n<div  class='av-special-heading av-jrc4ida7-2d53a975ec4dd25c93047ae082375e3d av-special-heading-h1 custom-color-heading  avia-builder-el-1  avia-builder-el-no-sibling '><h1 class='av-special-heading-tag '  itemprop=\"headline\"  > Kredi Kar\u015f\u0131la\u015ft\u0131rma<\/h1><div class=\"special-heading-border\"><div class=\"special-heading-inner-border\"><\/div><\/div><\/div>\n\n<\/div><\/div><\/main><!-- close content main element --><\/div><\/div><\/div><div id='av_breadcrumbs'  class='avia-section av-qci1n-f13e7ef04b4ca5f99d642d154ecd0a90 main_color avia-section-default avia-no-shadow  avia-builder-el-2  el_after_av_section  el_before_av_section  avia-bg-style-scroll container_wrap fullsize'  ><div class='container av-section-cont-open' ><div class='template-page content  av-content-full alpha units'><div class='post-entry post-entry-type-page post-entry-831'><div class='entry-content-wrapper clearfix'>\n<section  class='av_textblock_section av-jcsbf-e1ef4785bc1f5c47951c9f4169ec0808 '   itemscope=\"itemscope\" itemtype=\"https:\/\/schema.org\/CreativeWork\" ><div class='avia_textblock'  itemprop=\"text\" ><p>[nm_breadcrumb]<\/p>\n<\/div><\/section>\n\n<\/div><\/div><\/div><!-- close content main div --><\/div><\/div>\n<style type=\"text\/css\" data-created_by=\"avia_inline_auto\" id=\"style-css-av-gfla3-bd92332403373e8f3f6173f1f50c0310\">\n.avia-section.av-gfla3-bd92332403373e8f3f6173f1f50c0310{\nbackground-repeat:no-repeat;\nbackground-image:url(https:\/\/kaya-kollegen.de\/wp-content\/uploads\/2018\/04\/bg-type-1.png);\nbackground-position:50% 100%;\nbackground-attachment:scroll;\n}\n<\/style>\n<div id='av_section_3'  class='avia-section av-gfla3-bd92332403373e8f3f6173f1f50c0310 main_color avia-section-default avia-no-shadow  avia-builder-el-4  el_after_av_section  avia-builder-el-last  avia-bg-style-scroll container_wrap fullsize'  data-section-bg-repeat='no-repeat'><div class='container av-section-cont-open' ><div class='template-page content  av-content-full alpha units'><div class='post-entry post-entry-type-page post-entry-831'><div class='entry-content-wrapper clearfix'>\n\n<style type=\"text\/css\" data-created_by=\"avia_inline_auto\" id=\"style-css-av-av_heading-f819f446b73bb8507c30706d0391d5a0\">\n#top .av-special-heading.av-av_heading-f819f446b73bb8507c30706d0391d5a0{\npadding-bottom:10px;\n}\nbody .av-special-heading.av-av_heading-f819f446b73bb8507c30706d0391d5a0 .av-special-heading-tag .heading-char{\nfont-size:25px;\n}\n.av-special-heading.av-av_heading-f819f446b73bb8507c30706d0391d5a0 .av-subheading{\nfont-size:15px;\n}\n<\/style>\n<div  class='av-special-heading av-av_heading-f819f446b73bb8507c30706d0391d5a0 av-special-heading-h3 blockquote modern-quote  avia-builder-el-5  el_before_av_hr  avia-builder-el-first '><h3 class='av-special-heading-tag '  itemprop=\"headline\"  >\u015eimdi web sitemizden \u2013 \u00fccretsiz ve y\u00fck\u00fcml\u00fcl\u00fc\u011f\u00fc olmadan &#8211; kar\u015f\u0131la\u015ft\u0131r\u0131n!<\/h3><div class=\"special-heading-border\"><div class=\"special-heading-inner-border\"><\/div><\/div><\/div>\n\n<style type=\"text\/css\" data-created_by=\"avia_inline_auto\" id=\"style-css-av-6m6ab-edd8760016995b1ec6e576a3c9960e9c\">\n#top .hr.hr-invisible.av-6m6ab-edd8760016995b1ec6e576a3c9960e9c{\nheight:50px;\n}\n<\/style>\n<div  class='hr av-6m6ab-edd8760016995b1ec6e576a3c9960e9c hr-invisible  avia-builder-el-6  el_after_av_heading  el_before_av_codeblock '><span class='hr-inner '><span class=\"hr-inner-style\"><\/span><\/span><\/div>\n\n\n<style type=\"text\/css\" data-created_by=\"avia_inline_auto\" id=\"style-css-av-6m6ab-edd8760016995b1ec6e576a3c9960e9c\">\n#top .hr.hr-invisible.av-6m6ab-edd8760016995b1ec6e576a3c9960e9c{\nheight:50px;\n}\n<\/style>\n<div  class='hr av-6m6ab-edd8760016995b1ec6e576a3c9960e9c hr-invisible  avia-builder-el-8  el_after_av_codeblock  el_before_av_textblock '><span class='hr-inner '><span class=\"hr-inner-style\"><\/span><\/span><\/div>\n<section  class='av_textblock_section av-jrc4j9s8-a16c98cedc148acd599cff5a226c186c '   itemscope=\"itemscope\" itemtype=\"https:\/\/schema.org\/CreativeWork\" ><div class='avia_textblock'  itemprop=\"text\" ><p><span style=\"color: #000000;\">*Bu Alan yaln\u0131zca Almanca dilinde mevcuttur.<\/span><\/p>\n<\/div><\/section>\n\n","protected":false},"excerpt":{"rendered":"","protected":false},"author":1,"featured_media":0,"parent":826,"menu_order":0,"comment_status":"closed","ping_status":"closed","template":"","meta":{"_acf_changed":false,"footnotes":""},"class_list":["post-831","page","type-page","status-publish","hentry"],"acf":[],"yoast_head":"<!-- This site is optimized with the Yoast SEO plugin v27.3 - https:\/\/yoast.com\/product\/yoast-seo-wordpress\/ -->\n<title>Kredi Kar\u015f\u0131la\u015ft\u0131rma &#8226; C.Kaya &amp; Kollegen<\/title>\n<meta name=\"robots\" content=\"index, follow, max-snippet:-1, max-image-preview:large, max-video-preview:-1\" \/>\n<link rel=\"canonical\" href=\"https:\/\/kaya-kollegen.de\/tr\/ihtiyackredisi\/kredikarsilastirma\/\" \/>\n<meta property=\"og:locale\" content=\"tr_TR\" \/>\n<meta property=\"og:type\" content=\"article\" \/>\n<meta property=\"og:title\" content=\"Kredi Kar\u015f\u0131la\u015ft\u0131rma &#8226; C.Kaya &amp; Kollegen\" \/>\n<meta property=\"og:url\" content=\"https:\/\/kaya-kollegen.de\/tr\/ihtiyackredisi\/kredikarsilastirma\/\" \/>\n<meta property=\"og:site_name\" content=\"C.Kaya &amp; Kollegen\" \/>\n<meta property=\"article:publisher\" content=\"https:\/\/www.facebook.com\/C-Kaya-Kollegen-934119340110147\/\" \/>\n<meta property=\"article:modified_time\" content=\"2019-01-29T21:47:29+00:00\" \/>\n<meta name=\"twitter:card\" content=\"summary_large_image\" \/>\n<meta name=\"twitter:label1\" content=\"Tahmini okuma s\u00fcresi\" \/>\n\t<meta name=\"twitter:data1\" content=\"3 dakika\" \/>\n<script type=\"application\/ld+json\" class=\"yoast-schema-graph\">{\"@context\":\"https:\\\/\\\/schema.org\",\"@graph\":[{\"@type\":\"WebPage\",\"@id\":\"https:\\\/\\\/kaya-kollegen.de\\\/tr\\\/ihtiyackredisi\\\/kredikarsilastirma\\\/\",\"url\":\"https:\\\/\\\/kaya-kollegen.de\\\/tr\\\/ihtiyackredisi\\\/kredikarsilastirma\\\/\",\"name\":\"Kredi Kar\u015f\u0131la\u015ft\u0131rma &#8226; C.Kaya &amp; Kollegen\",\"isPartOf\":{\"@id\":\"https:\\\/\\\/kaya-kollegen.de\\\/tr\\\/#website\"},\"datePublished\":\"2018-07-24T09:42:52+00:00\",\"dateModified\":\"2019-01-29T21:47:29+00:00\",\"breadcrumb\":{\"@id\":\"https:\\\/\\\/kaya-kollegen.de\\\/tr\\\/ihtiyackredisi\\\/kredikarsilastirma\\\/#breadcrumb\"},\"inLanguage\":\"tr\",\"potentialAction\":[{\"@type\":\"ReadAction\",\"target\":[\"https:\\\/\\\/kaya-kollegen.de\\\/tr\\\/ihtiyackredisi\\\/kredikarsilastirma\\\/\"]}]},{\"@type\":\"BreadcrumbList\",\"@id\":\"https:\\\/\\\/kaya-kollegen.de\\\/tr\\\/ihtiyackredisi\\\/kredikarsilastirma\\\/#breadcrumb\",\"itemListElement\":[{\"@type\":\"ListItem\",\"position\":1,\"name\":\"Startseite\",\"item\":\"https:\\\/\\\/kaya-kollegen.de\\\/tr\\\/anasayfa\\\/\"},{\"@type\":\"ListItem\",\"position\":2,\"name\":\"Ihtiyac Kredisi\",\"item\":\"https:\\\/\\\/kaya-kollegen.de\\\/tr\\\/ihtiyackredisi\\\/\"},{\"@type\":\"ListItem\",\"position\":3,\"name\":\"Kredi Kar\u015f\u0131la\u015ft\u0131rma\"}]},{\"@type\":\"WebSite\",\"@id\":\"https:\\\/\\\/kaya-kollegen.de\\\/tr\\\/#website\",\"url\":\"https:\\\/\\\/kaya-kollegen.de\\\/tr\\\/\",\"name\":\"C.Kaya &amp; Kollegen\",\"description\":\"\",\"publisher\":{\"@id\":\"https:\\\/\\\/kaya-kollegen.de\\\/tr\\\/#organization\"},\"potentialAction\":[{\"@type\":\"SearchAction\",\"target\":{\"@type\":\"EntryPoint\",\"urlTemplate\":\"https:\\\/\\\/kaya-kollegen.de\\\/tr\\\/?s={search_term_string}\"},\"query-input\":{\"@type\":\"PropertyValueSpecification\",\"valueRequired\":true,\"valueName\":\"search_term_string\"}}],\"inLanguage\":\"tr\"},{\"@type\":\"Organization\",\"@id\":\"https:\\\/\\\/kaya-kollegen.de\\\/tr\\\/#organization\",\"name\":\"C.Kaya & Kollegen\",\"url\":\"https:\\\/\\\/kaya-kollegen.de\\\/tr\\\/\",\"logo\":{\"@type\":\"ImageObject\",\"inLanguage\":\"tr\",\"@id\":\"https:\\\/\\\/kaya-kollegen.de\\\/tr\\\/#\\\/schema\\\/logo\\\/image\\\/\",\"url\":\"https:\\\/\\\/kaya-kollegen.de\\\/wp-content\\\/uploads\\\/2019\\\/02\\\/logo_square.jpg\",\"contentUrl\":\"https:\\\/\\\/kaya-kollegen.de\\\/wp-content\\\/uploads\\\/2019\\\/02\\\/logo_square.jpg\",\"width\":500,\"height\":500,\"caption\":\"C.Kaya & Kollegen\"},\"image\":{\"@id\":\"https:\\\/\\\/kaya-kollegen.de\\\/tr\\\/#\\\/schema\\\/logo\\\/image\\\/\"},\"sameAs\":[\"https:\\\/\\\/www.facebook.com\\\/C-Kaya-Kollegen-934119340110147\\\/\",\"https:\\\/\\\/www.instagram.com\\\/c.kayaundkollegen\\\/\"]}]}<\/script>\n<!-- \/ Yoast SEO plugin. -->","yoast_head_json":{"title":"Kredi Kar\u015f\u0131la\u015ft\u0131rma &#8226; C.Kaya &amp; Kollegen","robots":{"index":"index","follow":"follow","max-snippet":"max-snippet:-1","max-image-preview":"max-image-preview:large","max-video-preview":"max-video-preview:-1"},"canonical":"https:\/\/kaya-kollegen.de\/tr\/ihtiyackredisi\/kredikarsilastirma\/","og_locale":"tr_TR","og_type":"article","og_title":"Kredi Kar\u015f\u0131la\u015ft\u0131rma &#8226; C.Kaya &amp; Kollegen","og_url":"https:\/\/kaya-kollegen.de\/tr\/ihtiyackredisi\/kredikarsilastirma\/","og_site_name":"C.Kaya &amp; Kollegen","article_publisher":"https:\/\/www.facebook.com\/C-Kaya-Kollegen-934119340110147\/","article_modified_time":"2019-01-29T21:47:29+00:00","twitter_card":"summary_large_image","twitter_misc":{"Tahmini okuma s\u00fcresi":"3 dakika"},"schema":{"@context":"https:\/\/schema.org","@graph":[{"@type":"WebPage","@id":"https:\/\/kaya-kollegen.de\/tr\/ihtiyackredisi\/kredikarsilastirma\/","url":"https:\/\/kaya-kollegen.de\/tr\/ihtiyackredisi\/kredikarsilastirma\/","name":"Kredi Kar\u015f\u0131la\u015ft\u0131rma &#8226; C.Kaya &amp; Kollegen","isPartOf":{"@id":"https:\/\/kaya-kollegen.de\/tr\/#website"},"datePublished":"2018-07-24T09:42:52+00:00","dateModified":"2019-01-29T21:47:29+00:00","breadcrumb":{"@id":"https:\/\/kaya-kollegen.de\/tr\/ihtiyackredisi\/kredikarsilastirma\/#breadcrumb"},"inLanguage":"tr","potentialAction":[{"@type":"ReadAction","target":["https:\/\/kaya-kollegen.de\/tr\/ihtiyackredisi\/kredikarsilastirma\/"]}]},{"@type":"BreadcrumbList","@id":"https:\/\/kaya-kollegen.de\/tr\/ihtiyackredisi\/kredikarsilastirma\/#breadcrumb","itemListElement":[{"@type":"ListItem","position":1,"name":"Startseite","item":"https:\/\/kaya-kollegen.de\/tr\/anasayfa\/"},{"@type":"ListItem","position":2,"name":"Ihtiyac Kredisi","item":"https:\/\/kaya-kollegen.de\/tr\/ihtiyackredisi\/"},{"@type":"ListItem","position":3,"name":"Kredi Kar\u015f\u0131la\u015ft\u0131rma"}]},{"@type":"WebSite","@id":"https:\/\/kaya-kollegen.de\/tr\/#website","url":"https:\/\/kaya-kollegen.de\/tr\/","name":"C.Kaya &amp; Kollegen","description":"","publisher":{"@id":"https:\/\/kaya-kollegen.de\/tr\/#organization"},"potentialAction":[{"@type":"SearchAction","target":{"@type":"EntryPoint","urlTemplate":"https:\/\/kaya-kollegen.de\/tr\/?s={search_term_string}"},"query-input":{"@type":"PropertyValueSpecification","valueRequired":true,"valueName":"search_term_string"}}],"inLanguage":"tr"},{"@type":"Organization","@id":"https:\/\/kaya-kollegen.de\/tr\/#organization","name":"C.Kaya & Kollegen","url":"https:\/\/kaya-kollegen.de\/tr\/","logo":{"@type":"ImageObject","inLanguage":"tr","@id":"https:\/\/kaya-kollegen.de\/tr\/#\/schema\/logo\/image\/","url":"https:\/\/kaya-kollegen.de\/wp-content\/uploads\/2019\/02\/logo_square.jpg","contentUrl":"https:\/\/kaya-kollegen.de\/wp-content\/uploads\/2019\/02\/logo_square.jpg","width":500,"height":500,"caption":"C.Kaya & Kollegen"},"image":{"@id":"https:\/\/kaya-kollegen.de\/tr\/#\/schema\/logo\/image\/"},"sameAs":["https:\/\/www.facebook.com\/C-Kaya-Kollegen-934119340110147\/","https:\/\/www.instagram.com\/c.kayaundkollegen\/"]}]}},"_links":{"self":[{"href":"https:\/\/kaya-kollegen.de\/tr\/wp-json\/wp\/v2\/pages\/831","targetHints":{"allow":["GET"]}}],"collection":[{"href":"https:\/\/kaya-kollegen.de\/tr\/wp-json\/wp\/v2\/pages"}],"about":[{"href":"https:\/\/kaya-kollegen.de\/tr\/wp-json\/wp\/v2\/types\/page"}],"author":[{"embeddable":true,"href":"https:\/\/kaya-kollegen.de\/tr\/wp-json\/wp\/v2\/users\/1"}],"replies":[{"embeddable":true,"href":"https:\/\/kaya-kollegen.de\/tr\/wp-json\/wp\/v2\/comments?post=831"}],"version-history":[{"count":0,"href":"https:\/\/kaya-kollegen.de\/tr\/wp-json\/wp\/v2\/pages\/831\/revisions"}],"up":[{"embeddable":true,"href":"https:\/\/kaya-kollegen.de\/tr\/wp-json\/wp\/v2\/pages\/826"}],"wp:attachment":[{"href":"https:\/\/kaya-kollegen.de\/tr\/wp-json\/wp\/v2\/media?parent=831"}],"curies":[{"name":"wp","href":"https:\/\/api.w.org\/{rel}","templated":true}]}}