{"id":818,"date":"2018-07-24T11:41:42","date_gmt":"2018-07-24T09:41:42","guid":{"rendered":"https:\/\/kaya-kollegen.de\/?page_id=818"},"modified":"2023-10-18T12:46:14","modified_gmt":"2023-10-18T10:46:14","slug":"iletisim","status":"publish","type":"page","link":"https:\/\/kaya-kollegen.de\/tr\/iletisim\/","title":{"rendered":"\u0130leti\u015fim"},"content":{"rendered":"<div id='av_section_1'  class='avia-section av-criav-c7eeef60b04c172945d8d7d3238509b4 main_color avia-section-default avia-no-shadow  avia-builder-el-0  avia-builder-el-no-sibling  avia-bg-style-scroll container_wrap fullsize'  ><div class='container av-section-cont-open' ><main  role=\"main\" itemprop=\"mainContentOfPage\"  class='template-page content  av-content-full alpha units'><div class='post-entry post-entry-type-page post-entry-818'><div class='entry-content-wrapper clearfix'>\n\n<style type=\"text\/css\" data-created_by=\"avia_inline_auto\" id=\"style-css-av-ca2aj-1f9760f19ea69df013a6f8564dfb0eb6\">\n.flex_column.av-ca2aj-1f9760f19ea69df013a6f8564dfb0eb6{\nborder-radius:0px 0px 0px 0px;\npadding:0px 0px 0px 0px;\n}\n<\/style>\n<div  class='flex_column av-ca2aj-1f9760f19ea69df013a6f8564dfb0eb6 av_two_fifth  avia-builder-el-1  el_before_av_two_fifth  avia-builder-el-first  first flex_column_div av-zero-column-padding  '     ><style type=\"text\/css\" data-created_by=\"avia_inline_auto\" id=\"style-css-av-bmp5z-f1c3b8813199a8437b6c021508a4f688\">\n#top .avia-icon-list-container.av-bmp5z-f1c3b8813199a8437b6c021508a4f688 .iconlist_icon{\ncolor:#000000;\nbackground-color:#ffffff;\nborder:1px solid #000000;\n}\n#top .avia-icon-list-container.av-bmp5z-f1c3b8813199a8437b6c021508a4f688 .iconlist_icon svg:first-child{\nstroke:#000000;\nfill:#000000;\n}\n<\/style>\n<div  class='avia-icon-list-container av-bmp5z-f1c3b8813199a8437b6c021508a4f688  avia-builder-el-2  avia-builder-el-no-sibling '><ul class='avia-icon-list avia_animate_when_almost_visible avia-icon-list-left av-iconlist-big av-bmp5z-f1c3b8813199a8437b6c021508a4f688 avia-iconlist-animate'>\n<li><div class='iconlist_icon av-e55c2-77622418625915e11f74bbf63dea6168 avia-font-entypo-fontello avia-iconfont avia-font-entypo-fontello'><span class='av-icon-char' data-av_icon='\ue842' data-av_iconfont='entypo-fontello' aria-hidden=\"true\"><\/span><\/div><article class=\"article-icon-entry \"  itemscope=\"itemscope\" itemtype=\"https:\/\/schema.org\/CreativeWork\" ><div class=\"iconlist_content_wrap\"><header class=\"entry-content-header\" aria-label=\"Icon: C. Kaya &amp; Kollegen\"><h4 class='av_iconlist_title iconlist_title  '  itemprop=\"headline\" >C. Kaya &amp; Kollegen<\/h4><\/header><div class='iconlist_content '  itemprop=\"text\" ><p>Egerten 3, 74388 Talheim<\/p>\n<div  class='avia-button-wrap av-41un-1be9585e23099ae16ad521589faa7ce0-wrap avia-button-left  avia-builder-el-3  avia-builder-el-no-sibling '><a href='https:\/\/www.google.de\/maps\/dir\/\/Egerten+3,+74388+Talheim\/@49.0917625,9.1218869,12.4z\/data=!4m8!4m7!1m0!1m5!1m1!1s0x47982eb5efd09bd3:0x6a678f4e20e22a2e!2m2!1d9.1904241!2d49.1002218?entry=ttu'  class='avia-button av-41un-1be9585e23099ae16ad521589faa7ce0 av-link-btn avia-icon_select-yes-left-icon avia-size-medium avia-position-left avia-color-theme-color'  target=\"_blank\"  rel=\"noopener noreferrer\"  aria-label=\"Yol tarifi\"><span class='avia_button_icon avia_button_icon_left avia-iconfont avia-font-entypo-fontello' data-av_icon='\ue843' data-av_iconfont='entypo-fontello' ><\/span><span class='avia_iconbox_title' >Yol tarifi<\/span><\/a><\/div>\n<\/div><\/div><footer class=\"entry-footer\"><\/footer><\/article><div class=\"iconlist-timeline\"><\/div><\/li>\n<\/ul><\/div><\/div>\n<style type=\"text\/css\" data-created_by=\"avia_inline_auto\" id=\"style-css-av-a6kp7-69949d056b70b33de942e32c311e2e33\">\n.flex_column.av-a6kp7-69949d056b70b33de942e32c311e2e33{\nborder-radius:0px 0px 0px 0px;\npadding:0px 0px 0px 0px;\n}\n<\/style>\n<div  class='flex_column av-a6kp7-69949d056b70b33de942e32c311e2e33 av_two_fifth  avia-builder-el-4  el_after_av_two_fifth  el_before_av_one_fifth  flex_column_div av-zero-column-padding  '     ><p>\n<style type=\"text\/css\" data-created_by=\"avia_inline_auto\" id=\"style-css-av-9nahj-e476d3883165b6006810876483d5007c\">\n#top .avia-icon-list-container.av-9nahj-e476d3883165b6006810876483d5007c .iconlist_icon{\ncolor:#000000;\nbackground-color:#ffffff;\nborder:1px solid #000000;\n}\n#top .avia-icon-list-container.av-9nahj-e476d3883165b6006810876483d5007c .iconlist_icon svg:first-child{\nstroke:#000000;\nfill:#000000;\n}\n<\/style>\n<div  class='avia-icon-list-container av-9nahj-e476d3883165b6006810876483d5007c  avia-builder-el-5  el_before_av_iconlist  avia-builder-el-first '><ul class='avia-icon-list avia_animate_when_almost_visible avia-icon-list-left av-iconlist-big av-9nahj-e476d3883165b6006810876483d5007c avia-iconlist-animate'>\n<li><div class='iconlist_icon av-y6cb-45650e8f57145737b0a010aa4a8b30d9 avia-font-entypo-fontello avia-iconfont avia-font-entypo-fontello'><span class='av-icon-char' data-av_icon='\ue854' data-av_iconfont='entypo-fontello' aria-hidden=\"true\"><\/span><\/div><article class=\"article-icon-entry av-iconlist-empty\"  itemscope=\"itemscope\" itemtype=\"https:\/\/schema.org\/CreativeWork\" ><div class=\"iconlist_content_wrap\"><header class=\"entry-content-header\" aria-label=\"Icon: +49 7133 9011391\"><h4 class='av_iconlist_title iconlist_title  '  itemprop=\"headline\" >+49 7133 9011391<\/h4><\/header><div class='iconlist_content '  itemprop=\"text\" ><\/div><\/div><footer class=\"entry-footer\"><\/footer><\/article><div class=\"iconlist-timeline\"><\/div><\/li>\n<\/ul><\/div><br \/>\n\n<style type=\"text\/css\" data-created_by=\"avia_inline_auto\" id=\"style-css-av-8pmrb-aeb826a643fa525cf070a7658f1debf8\">\n#top .avia-icon-list-container.av-8pmrb-aeb826a643fa525cf070a7658f1debf8 .iconlist_icon{\ncolor:#000000;\nbackground-color:#ffffff;\nborder:1px solid #000000;\n}\n#top .avia-icon-list-container.av-8pmrb-aeb826a643fa525cf070a7658f1debf8 .iconlist_icon svg:first-child{\nstroke:#000000;\nfill:#000000;\n}\n<\/style>\n<div  class='avia-icon-list-container av-8pmrb-aeb826a643fa525cf070a7658f1debf8  avia-builder-el-6  el_after_av_iconlist  el_before_av_iconlist '><ul class='avia-icon-list avia_animate_when_almost_visible avia-icon-list-left av-iconlist-big av-8pmrb-aeb826a643fa525cf070a7658f1debf8 avia-iconlist-animate'>\n<li><div class='iconlist_icon av-7v1db-e12ebbf75b7f9b3db7435281b619a6d3 avia-font-entypo-fontello avia-iconfont avia-font-entypo-fontello'><span class='av-icon-char' data-av_icon='\ue838' data-av_iconfont='entypo-fontello' aria-hidden=\"true\"><\/span><\/div><article class=\"article-icon-entry av-iconlist-empty\"  itemscope=\"itemscope\" itemtype=\"https:\/\/schema.org\/CreativeWork\" ><div class=\"iconlist_content_wrap\"><header class=\"entry-content-header\" aria-label=\"Icon: +49 7133 901431\"><h4 class='av_iconlist_title iconlist_title  '  itemprop=\"headline\" >+49 7133 901431<\/h4><\/header><div class='iconlist_content '  itemprop=\"text\" ><\/div><\/div><footer class=\"entry-footer\"><\/footer><\/article><div class=\"iconlist-timeline\"><\/div><\/li>\n<\/ul><\/div><br \/>\n\n<style type=\"text\/css\" data-created_by=\"avia_inline_auto\" id=\"style-css-av-7gcfn-e32f0b82db5af7a9034ac0e54365fad9\">\n#top .avia-icon-list-container.av-7gcfn-e32f0b82db5af7a9034ac0e54365fad9 .iconlist_icon{\ncolor:#000000;\nbackground-color:#ffffff;\nborder:1px solid #000000;\n}\n#top .avia-icon-list-container.av-7gcfn-e32f0b82db5af7a9034ac0e54365fad9 .iconlist_icon svg:first-child{\nstroke:#000000;\nfill:#000000;\n}\n<\/style>\n<div  class='avia-icon-list-container av-7gcfn-e32f0b82db5af7a9034ac0e54365fad9  avia-builder-el-7  el_after_av_iconlist  avia-builder-el-last '><ul class='avia-icon-list avia_animate_when_almost_visible avia-icon-list-left av-iconlist-big av-7gcfn-e32f0b82db5af7a9034ac0e54365fad9 avia-iconlist-animate'>\n<li><div class='iconlist_icon av-6te1n-77c16c2b8576e7eb0dab7d8045ada621 avia-font-entypo-fontello avia-iconfont avia-font-entypo-fontello'><span class='av-icon-char' data-av_icon='\ue805' data-av_iconfont='entypo-fontello' aria-hidden=\"true\"><\/span><\/div><article class=\"article-icon-entry av-iconlist-empty\"  itemscope=\"itemscope\" itemtype=\"https:\/\/schema.org\/CreativeWork\" ><div class=\"iconlist_content_wrap\"><header class=\"entry-content-header\" aria-label=\"Icon: &lt;a href=&#039;mailto:info@kaya-kollegen.de&#039; title=&#039;info@kaya-kollegen.de&#039;&gt;info@kaya-kollegen.de&lt;\/a&gt;\"><h4 class='av_iconlist_title iconlist_title  '  itemprop=\"headline\" ><a href='mailto:info@kaya-kollegen.de' title='info@kaya-kollegen.de'>info@kaya-kollegen.de<\/a><\/h4><\/header><div class='iconlist_content '  itemprop=\"text\" ><\/div><\/div><footer class=\"entry-footer\"><\/footer><\/article><div class=\"iconlist-timeline\"><\/div><\/li>\n<\/ul><\/div><\/p><\/div>\n<style type=\"text\/css\" data-created_by=\"avia_inline_auto\" id=\"style-css-av-6966v-68977f9ceff26f191c11f7114de5bae7\">\n.flex_column.av-6966v-68977f9ceff26f191c11f7114de5bae7{\nborder-radius:0px 0px 0px 0px;\npadding:0px 0px 0px 0px;\n}\n<\/style>\n<div  class='flex_column av-6966v-68977f9ceff26f191c11f7114de5bae7 av_one_fifth  avia-builder-el-8  el_after_av_two_fifth  el_before_av_two_fifth  flex_column_div av-zero-column-padding  '     ><\/div>\n<style type=\"text\/css\" data-created_by=\"avia_inline_auto\" id=\"style-css-av-5hffb-32bb1cb97d9fd5f01173ecb219ca18c3\">\n.flex_column.av-5hffb-32bb1cb97d9fd5f01173ecb219ca18c3{\nborder-radius:0px 0px 0px 0px;\npadding:0px 0px 0px 0px;\n}\n<\/style>\n<div  class='flex_column av-5hffb-32bb1cb97d9fd5f01173ecb219ca18c3 av_two_fifth  avia-builder-el-9  el_after_av_one_fifth  el_before_av_three_fifth  first flex_column_div av-zero-column-padding  column-top-margin'     ><style type=\"text\/css\" data-created_by=\"avia_inline_auto\" id=\"style-css-av-4xjzr-e3bc0020b03d9b962d3440f23740b918\">\n.avia-image-container.av-4xjzr-e3bc0020b03d9b962d3440f23740b918 img.avia_image{\nbox-shadow:none;\n}\n.avia-image-container.av-4xjzr-e3bc0020b03d9b962d3440f23740b918 .av-image-caption-overlay-center{\ncolor:#ffffff;\n}\n<\/style>\n<div  class='avia-image-container av-4xjzr-e3bc0020b03d9b962d3440f23740b918 av-styling-no-styling avia-align-center  avia-builder-el-10  avia-builder-el-no-sibling '   itemprop=\"image\" itemscope=\"itemscope\" itemtype=\"https:\/\/schema.org\/ImageObject\" ><div class=\"avia-image-container-inner\"><div class=\"avia-image-overlay-wrap\"><img decoding=\"async\" fetchpriority=\"high\" class='wp-image-5228 avia-img-lazy-loading-not-5228 avia_image ' src=\"https:\/\/kaya-kollegen.de\/wp-content\/uploads\/2020\/12\/profil-1.jpg\" alt='' title=''  height=\"720\" width=\"830\"  itemprop=\"thumbnailUrl\" srcset=\"https:\/\/kaya-kollegen.de\/wp-content\/uploads\/2020\/12\/profil-1.jpg 830w, https:\/\/kaya-kollegen.de\/wp-content\/uploads\/2020\/12\/profil-1-300x260.jpg 300w, https:\/\/kaya-kollegen.de\/wp-content\/uploads\/2020\/12\/profil-1-768x666.jpg 768w, https:\/\/kaya-kollegen.de\/wp-content\/uploads\/2020\/12\/profil-1-705x612.jpg 705w\" sizes=\"(max-width: 830px) 100vw, 830px\" \/><\/div><\/div><\/div><\/div>\n<style type=\"text\/css\" data-created_by=\"avia_inline_auto\" id=\"style-css-av-4e023-cdb46a434e81805e2d871a87ab0f344a\">\n.flex_column.av-4e023-cdb46a434e81805e2d871a87ab0f344a{\nborder-radius:0px 0px 0px 0px;\npadding:0px 0px 0px 0px;\n}\n<\/style>\n<div  class='flex_column av-4e023-cdb46a434e81805e2d871a87ab0f344a av_three_fifth  avia-builder-el-11  el_after_av_two_fifth  avia-builder-el-last  flex_column_div av-zero-column-padding  column-top-margin'     ><p>\n<style type=\"text\/css\" data-created_by=\"avia_inline_auto\" id=\"style-css-av-714ii-628d8224ed37a36c729953808f1bdce6\">\n#top .av-special-heading.av-714ii-628d8224ed37a36c729953808f1bdce6{\npadding-bottom:20px;\n}\nbody .av-special-heading.av-714ii-628d8224ed37a36c729953808f1bdce6 .av-special-heading-tag .heading-char{\nfont-size:25px;\n}\n.av-special-heading.av-714ii-628d8224ed37a36c729953808f1bdce6 .av-subheading{\nfont-size:15px;\n}\n<\/style>\n<div  class='av-special-heading av-714ii-628d8224ed37a36c729953808f1bdce6 av-special-heading-h3 blockquote modern-quote  avia-builder-el-12  el_before_av_textblock  avia-builder-el-first '><h3 class='av-special-heading-tag '  itemprop=\"headline\"  >\u0130leti\u015fim Formu<\/h3><div class=\"special-heading-border\"><div class=\"special-heading-inner-border\"><\/div><\/div><\/div><br \/>\n<section  class='av_textblock_section av-jjvurbze-124026295b65ca6469c898c4f82c6b61 '   itemscope=\"itemscope\" itemtype=\"https:\/\/schema.org\/CreativeWork\" ><div class='avia_textblock'  itemprop=\"text\" >\n<div class=\"wpcf7 no-js\" id=\"wpcf7-f661-o1\" lang=\"de-DE\" dir=\"ltr\" data-wpcf7-id=\"661\">\n<div class=\"screen-reader-response\"><p role=\"status\" aria-live=\"polite\" aria-atomic=\"true\"><\/p> <ul><\/ul><\/div>\n<form action=\"\/tr\/wp-json\/wp\/v2\/pages\/818#wpcf7-f661-o1\" method=\"post\" class=\"wpcf7-form init\" aria-label=\"Kontaktformular\" novalidate=\"novalidate\" data-status=\"init\">\n<fieldset class=\"hidden-fields-container\"><input type=\"hidden\" name=\"_wpcf7\" value=\"661\" \/><input type=\"hidden\" name=\"_wpcf7_version\" value=\"6.1.5\" \/><input type=\"hidden\" name=\"_wpcf7_locale\" value=\"de_DE\" \/><input type=\"hidden\" name=\"_wpcf7_unit_tag\" value=\"wpcf7-f661-o1\" \/><input type=\"hidden\" name=\"_wpcf7_container_post\" value=\"0\" \/><input type=\"hidden\" name=\"_wpcf7_posted_data_hash\" value=\"\" \/>\n<\/fieldset>\n<p><span id=\"wpcf7-69e7a71ea7546-wrapper\" class=\"wpcf7-form-control-wrap website-wrap\" style=\"display:none !important; visibility:hidden !important;\"><label for=\"wpcf7-69e7a71ea7546-field\" class=\"hp-message\">Bitte lasse dieses Feld leer.<\/label><input id=\"wpcf7-69e7a71ea7546-field\"  class=\"wpcf7-form-control wpcf7-text\" type=\"text\" name=\"website\" value=\"\" size=\"40\" tabindex=\"-1\" autocomplete=\"new-password\" \/><\/span>\n<\/p>\n<div class=\"nm_row\">\n\t<div class=\"nm_one_third\">\n\t\t<p><span class=\"wpcf7-form-control-wrap\" data-name=\"k_name\"><input size=\"40\" maxlength=\"400\" class=\"wpcf7-form-control wpcf7-text wpcf7-validates-as-required\" aria-required=\"true\" aria-invalid=\"false\" placeholder=\"Ad, Soyad*\" value=\"\" type=\"text\" name=\"k_name\" \/><\/span>\n\t\t<\/p>\n\t<\/div>\n\t<div class=\"nm_one_third\">\n\t\t<p><span class=\"wpcf7-form-control-wrap\" data-name=\"k_telefon\"><input size=\"40\" maxlength=\"400\" class=\"wpcf7-form-control wpcf7-tel wpcf7-validates-as-required wpcf7-text wpcf7-validates-as-tel\" aria-required=\"true\" aria-invalid=\"false\" placeholder=\"Telefon*\" value=\"\" type=\"tel\" name=\"k_telefon\" \/><\/span>\n\t\t<\/p>\n\t<\/div>\n\t<div class=\"nm_one_third\">\n\t\t<p><span class=\"wpcf7-form-control-wrap\" data-name=\"k_email\"><input size=\"40\" maxlength=\"400\" class=\"wpcf7-form-control wpcf7-email wpcf7-validates-as-required wpcf7-text wpcf7-validates-as-email\" aria-required=\"true\" aria-invalid=\"false\" placeholder=\"E-Posta*\" value=\"\" type=\"email\" name=\"k_email\" \/><\/span>\n\t\t<\/p>\n\t<\/div>\n<\/div>\n<div class=\"nm_row\">\n\t<p><span class=\"wpcf7-form-control-wrap\" data-name=\"k_betreff\"><input size=\"40\" maxlength=\"400\" class=\"wpcf7-form-control wpcf7-text\" aria-invalid=\"false\" placeholder=\"Konu*\" value=\"\" type=\"text\" name=\"k_betreff\" \/><\/span>\n\t<\/p>\n<\/div>\n<div class=\"nm_row\">\n\t<p><span class=\"wpcf7-form-control-wrap\" data-name=\"k_nachricht\"><textarea cols=\"40\" rows=\"5\" maxlength=\"2000\" class=\"wpcf7-form-control wpcf7-textarea wpcf7-validates-as-required\" aria-required=\"true\" aria-invalid=\"false\" placeholder=\"Mesaj\u0131n\u0131z*\" name=\"k_nachricht\"><\/textarea><\/span><input class=\"wpcf7-form-control wpcf7-submit has-spinner\" type=\"submit\" value=\"G\u00f6nder\" \/>\n\t<\/p>\n\t<p>*zorunlu alan<br \/>\n<small style=\"color: green; margin-top: 1em; display: inline-block\"><span class=\"av-icon-char\" aria-hidden=\"true\" data-av_icon=\"\ue824\" data-av_iconfont=\"entypo-fontello\" style=\"margin-right: 5px;\"><\/span> Form verileri \u015fifreli olarak bizlere iletiliyor. <\/small>\n\t<\/p>\n<\/div>\n<p><small><span class=\"wpcf7-form-control-wrap\" data-name=\"acceptance-1\"><span class=\"wpcf7-form-control wpcf7-acceptance\"><span class=\"wpcf7-list-item\"><label><input type=\"checkbox\" name=\"acceptance-1\" value=\"1\" aria-invalid=\"false\" \/><span class=\"wpcf7-list-item-label\">Payla\u015ft\u0131\u011f\u0131m bilgilerimin kaydedilmesine ve bilgilerimin benimle telefon veya e mail yolu ile\nileti\u015fime ge\u00e7ilmesi i\u00e7in kullan\u0131lmas\u0131n\u0131 onayl\u0131yorum. Verilerim di\u011fer \u00fc\u00e7\u00fcnc\u00fc ki\u015filere aktar\u0131lamaz. Onay\u0131m\u0131 istedi\u011fim zaman \u00fccretsiz ve herhangi bir dezavantaj olmaks\u0131z\u0131n istedi\u011fim zaman geri \u00e7ekebilirim. Ki\u015fisel verilerimin yaln\u0131zca yukar\u0131da ayr\u0131nt\u0131l\u0131 olarak a\u00e7\u0131klanm\u0131\u015f olan ama\u00e7larla i\u015flenece\u011fini bu hususta a\u00e7\u0131k r\u0131zam\u0131n bulundu\u011funu onayl\u0131yorum.<\/span><\/label><\/span><\/span><\/span><\/small>\n<\/p>\n<p><small><span class=\"wpcf7-form-control-wrap\" data-name=\"acceptance-2\"><span class=\"wpcf7-form-control wpcf7-acceptance\"><span class=\"wpcf7-list-item\"><label><input type=\"checkbox\" name=\"acceptance-2\" value=\"1\" aria-invalid=\"false\" \/><span class=\"wpcf7-list-item-label\">Ki\u015fisel verilere <a href=\"\/iliskinaydinlatmametni\" target=\"_blank\"> ili\u015fkin ayd\u0131nlatma metnini<\/a> okudum ve onayl\u0131yorum.<\/span><\/label><\/span><\/span><\/span><\/small>\n<\/p><div class=\"wpcf7-response-output\" aria-hidden=\"true\"><\/div>\n<\/form>\n<\/div>\n\n<\/div><\/section><\/p><\/div>\n","protected":false},"excerpt":{"rendered":"","protected":false},"author":1,"featured_media":0,"parent":0,"menu_order":0,"comment_status":"closed","ping_status":"closed","template":"","meta":{"_acf_changed":false,"footnotes":""},"class_list":["post-818","page","type-page","status-publish","hentry"],"acf":[],"yoast_head":"<!-- This site is optimized with the Yoast SEO plugin v27.3 - https:\/\/yoast.com\/product\/yoast-seo-wordpress\/ -->\n<title>\u0130leti\u015fim &#8226; C.Kaya &amp; Kollegen<\/title>\n<meta name=\"robots\" content=\"index, follow, max-snippet:-1, max-image-preview:large, max-video-preview:-1\" \/>\n<link rel=\"canonical\" href=\"https:\/\/kaya-kollegen.de\/tr\/iletisim\/\" \/>\n<meta property=\"og:locale\" content=\"tr_TR\" \/>\n<meta property=\"og:type\" content=\"article\" \/>\n<meta property=\"og:title\" content=\"\u0130leti\u015fim &#8226; C.Kaya &amp; Kollegen\" \/>\n<meta property=\"og:url\" content=\"https:\/\/kaya-kollegen.de\/tr\/iletisim\/\" \/>\n<meta property=\"og:site_name\" content=\"C.Kaya &amp; Kollegen\" \/>\n<meta property=\"article:publisher\" content=\"https:\/\/www.facebook.com\/C-Kaya-Kollegen-934119340110147\/\" \/>\n<meta property=\"article:modified_time\" content=\"2023-10-18T10:46:14+00:00\" \/>\n<meta name=\"twitter:card\" content=\"summary_large_image\" \/>\n<meta name=\"twitter:label1\" content=\"Tahmini okuma s\u00fcresi\" \/>\n\t<meta name=\"twitter:data1\" content=\"3 dakika\" \/>\n<script type=\"application\/ld+json\" class=\"yoast-schema-graph\">{\"@context\":\"https:\\\/\\\/schema.org\",\"@graph\":[{\"@type\":\"WebPage\",\"@id\":\"https:\\\/\\\/kaya-kollegen.de\\\/tr\\\/iletisim\\\/\",\"url\":\"https:\\\/\\\/kaya-kollegen.de\\\/tr\\\/iletisim\\\/\",\"name\":\"\u0130leti\u015fim &#8226; C.Kaya &amp; Kollegen\",\"isPartOf\":{\"@id\":\"https:\\\/\\\/kaya-kollegen.de\\\/tr\\\/#website\"},\"datePublished\":\"2018-07-24T09:41:42+00:00\",\"dateModified\":\"2023-10-18T10:46:14+00:00\",\"breadcrumb\":{\"@id\":\"https:\\\/\\\/kaya-kollegen.de\\\/tr\\\/iletisim\\\/#breadcrumb\"},\"inLanguage\":\"tr\",\"potentialAction\":[{\"@type\":\"ReadAction\",\"target\":[\"https:\\\/\\\/kaya-kollegen.de\\\/tr\\\/iletisim\\\/\"]}]},{\"@type\":\"BreadcrumbList\",\"@id\":\"https:\\\/\\\/kaya-kollegen.de\\\/tr\\\/iletisim\\\/#breadcrumb\",\"itemListElement\":[{\"@type\":\"ListItem\",\"position\":1,\"name\":\"Startseite\",\"item\":\"https:\\\/\\\/kaya-kollegen.de\\\/tr\\\/anasayfa\\\/\"},{\"@type\":\"ListItem\",\"position\":2,\"name\":\"Hakk\u0131m\u0131zda\",\"item\":\"https:\\\/\\\/kaya-kollegen.de\\\/tr\\\/hakkimizda\\\/\"},{\"@type\":\"ListItem\",\"position\":3,\"name\":\"\u0130leti\u015fim\"}]},{\"@type\":\"WebSite\",\"@id\":\"https:\\\/\\\/kaya-kollegen.de\\\/tr\\\/#website\",\"url\":\"https:\\\/\\\/kaya-kollegen.de\\\/tr\\\/\",\"name\":\"C.Kaya &amp; Kollegen\",\"description\":\"\",\"publisher\":{\"@id\":\"https:\\\/\\\/kaya-kollegen.de\\\/tr\\\/#organization\"},\"potentialAction\":[{\"@type\":\"SearchAction\",\"target\":{\"@type\":\"EntryPoint\",\"urlTemplate\":\"https:\\\/\\\/kaya-kollegen.de\\\/tr\\\/?s={search_term_string}\"},\"query-input\":{\"@type\":\"PropertyValueSpecification\",\"valueRequired\":true,\"valueName\":\"search_term_string\"}}],\"inLanguage\":\"tr\"},{\"@type\":\"Organization\",\"@id\":\"https:\\\/\\\/kaya-kollegen.de\\\/tr\\\/#organization\",\"name\":\"C.Kaya & Kollegen\",\"url\":\"https:\\\/\\\/kaya-kollegen.de\\\/tr\\\/\",\"logo\":{\"@type\":\"ImageObject\",\"inLanguage\":\"tr\",\"@id\":\"https:\\\/\\\/kaya-kollegen.de\\\/tr\\\/#\\\/schema\\\/logo\\\/image\\\/\",\"url\":\"https:\\\/\\\/kaya-kollegen.de\\\/wp-content\\\/uploads\\\/2019\\\/02\\\/logo_square.jpg\",\"contentUrl\":\"https:\\\/\\\/kaya-kollegen.de\\\/wp-content\\\/uploads\\\/2019\\\/02\\\/logo_square.jpg\",\"width\":500,\"height\":500,\"caption\":\"C.Kaya & Kollegen\"},\"image\":{\"@id\":\"https:\\\/\\\/kaya-kollegen.de\\\/tr\\\/#\\\/schema\\\/logo\\\/image\\\/\"},\"sameAs\":[\"https:\\\/\\\/www.facebook.com\\\/C-Kaya-Kollegen-934119340110147\\\/\",\"https:\\\/\\\/www.instagram.com\\\/c.kayaundkollegen\\\/\"]}]}<\/script>\n<!-- \/ Yoast SEO plugin. -->","yoast_head_json":{"title":"\u0130leti\u015fim &#8226; C.Kaya &amp; Kollegen","robots":{"index":"index","follow":"follow","max-snippet":"max-snippet:-1","max-image-preview":"max-image-preview:large","max-video-preview":"max-video-preview:-1"},"canonical":"https:\/\/kaya-kollegen.de\/tr\/iletisim\/","og_locale":"tr_TR","og_type":"article","og_title":"\u0130leti\u015fim &#8226; C.Kaya &amp; Kollegen","og_url":"https:\/\/kaya-kollegen.de\/tr\/iletisim\/","og_site_name":"C.Kaya &amp; Kollegen","article_publisher":"https:\/\/www.facebook.com\/C-Kaya-Kollegen-934119340110147\/","article_modified_time":"2023-10-18T10:46:14+00:00","twitter_card":"summary_large_image","twitter_misc":{"Tahmini okuma s\u00fcresi":"3 dakika"},"schema":{"@context":"https:\/\/schema.org","@graph":[{"@type":"WebPage","@id":"https:\/\/kaya-kollegen.de\/tr\/iletisim\/","url":"https:\/\/kaya-kollegen.de\/tr\/iletisim\/","name":"\u0130leti\u015fim &#8226; C.Kaya &amp; Kollegen","isPartOf":{"@id":"https:\/\/kaya-kollegen.de\/tr\/#website"},"datePublished":"2018-07-24T09:41:42+00:00","dateModified":"2023-10-18T10:46:14+00:00","breadcrumb":{"@id":"https:\/\/kaya-kollegen.de\/tr\/iletisim\/#breadcrumb"},"inLanguage":"tr","potentialAction":[{"@type":"ReadAction","target":["https:\/\/kaya-kollegen.de\/tr\/iletisim\/"]}]},{"@type":"BreadcrumbList","@id":"https:\/\/kaya-kollegen.de\/tr\/iletisim\/#breadcrumb","itemListElement":[{"@type":"ListItem","position":1,"name":"Startseite","item":"https:\/\/kaya-kollegen.de\/tr\/anasayfa\/"},{"@type":"ListItem","position":2,"name":"Hakk\u0131m\u0131zda","item":"https:\/\/kaya-kollegen.de\/tr\/hakkimizda\/"},{"@type":"ListItem","position":3,"name":"\u0130leti\u015fim"}]},{"@type":"WebSite","@id":"https:\/\/kaya-kollegen.de\/tr\/#website","url":"https:\/\/kaya-kollegen.de\/tr\/","name":"C.Kaya &amp; Kollegen","description":"","publisher":{"@id":"https:\/\/kaya-kollegen.de\/tr\/#organization"},"potentialAction":[{"@type":"SearchAction","target":{"@type":"EntryPoint","urlTemplate":"https:\/\/kaya-kollegen.de\/tr\/?s={search_term_string}"},"query-input":{"@type":"PropertyValueSpecification","valueRequired":true,"valueName":"search_term_string"}}],"inLanguage":"tr"},{"@type":"Organization","@id":"https:\/\/kaya-kollegen.de\/tr\/#organization","name":"C.Kaya & Kollegen","url":"https:\/\/kaya-kollegen.de\/tr\/","logo":{"@type":"ImageObject","inLanguage":"tr","@id":"https:\/\/kaya-kollegen.de\/tr\/#\/schema\/logo\/image\/","url":"https:\/\/kaya-kollegen.de\/wp-content\/uploads\/2019\/02\/logo_square.jpg","contentUrl":"https:\/\/kaya-kollegen.de\/wp-content\/uploads\/2019\/02\/logo_square.jpg","width":500,"height":500,"caption":"C.Kaya & Kollegen"},"image":{"@id":"https:\/\/kaya-kollegen.de\/tr\/#\/schema\/logo\/image\/"},"sameAs":["https:\/\/www.facebook.com\/C-Kaya-Kollegen-934119340110147\/","https:\/\/www.instagram.com\/c.kayaundkollegen\/"]}]}},"_links":{"self":[{"href":"https:\/\/kaya-kollegen.de\/tr\/wp-json\/wp\/v2\/pages\/818","targetHints":{"allow":["GET"]}}],"collection":[{"href":"https:\/\/kaya-kollegen.de\/tr\/wp-json\/wp\/v2\/pages"}],"about":[{"href":"https:\/\/kaya-kollegen.de\/tr\/wp-json\/wp\/v2\/types\/page"}],"author":[{"embeddable":true,"href":"https:\/\/kaya-kollegen.de\/tr\/wp-json\/wp\/v2\/users\/1"}],"replies":[{"embeddable":true,"href":"https:\/\/kaya-kollegen.de\/tr\/wp-json\/wp\/v2\/comments?post=818"}],"version-history":[{"count":5,"href":"https:\/\/kaya-kollegen.de\/tr\/wp-json\/wp\/v2\/pages\/818\/revisions"}],"predecessor-version":[{"id":5423,"href":"https:\/\/kaya-kollegen.de\/tr\/wp-json\/wp\/v2\/pages\/818\/revisions\/5423"}],"wp:attachment":[{"href":"https:\/\/kaya-kollegen.de\/tr\/wp-json\/wp\/v2\/media?parent=818"}],"curies":[{"name":"wp","href":"https:\/\/api.w.org\/{rel}","templated":true}]}}