{"id":3546,"date":"2019-01-25T16:20:12","date_gmt":"2019-01-25T15:20:12","guid":{"rendered":"https:\/\/kaya-kollegen.de\/?page_id=3546"},"modified":"2019-01-29T22:03:58","modified_gmt":"2019-01-29T21:03:58","slug":"vadesiz-hesap-karsilastirma","status":"publish","type":"page","link":"https:\/\/kaya-kollegen.de\/tr\/cesitli-hesaplama-araclari\/vadesiz-hesap-karsilastirma\/","title":{"rendered":"Vadesiz Hesap Kar\u015f\u0131la\u015ft\u0131rma"},"content":{"rendered":"\n<style type=\"text\/css\" data-created_by=\"avia_inline_auto\" id=\"style-css-av-jrggwn0h-d1416c6525b57ccd52df0077423ecc52\">\n.avia-section.av-jrggwn0h-d1416c6525b57ccd52df0077423ecc52{\nbackground-repeat:no-repeat;\nbackground-image:url(https:\/\/kaya-kollegen.de\/wp-content\/uploads\/2018\/07\/architecture-2256489.jpg);\nbackground-position:0% 0%;\nbackground-attachment:scroll;\n}\n.avia-section.av-jrggwn0h-d1416c6525b57ccd52df0077423ecc52 .av-section-color-overlay{\nopacity:0.8;\nbackground-color:#d8002f;\n}\n<\/style>\n<div id='page_title'  class='avia-section av-jrggwn0h-d1416c6525b57ccd52df0077423ecc52 main_color avia-section-default avia-no-shadow  avia-builder-el-0  el_before_av_section  avia-builder-el-first  avia-bg-style-scroll av-section-color-overlay-active container_wrap fullsize'  data-section-bg-repeat='no-repeat'><div class=\"av-section-color-overlay-wrap\"><div class=\"av-section-color-overlay\"><\/div><div class='container av-section-cont-open' ><main  role=\"main\" itemprop=\"mainContentOfPage\"  class='template-page content  av-content-full alpha units'><div class='post-entry post-entry-type-page post-entry-3546'><div class='entry-content-wrapper clearfix'>\n\n<style type=\"text\/css\" data-created_by=\"avia_inline_auto\" id=\"style-css-av-jrggv6w7-1ff910d4d27c87d5ffc8c199273bd45a\">\n#top .av-special-heading.av-jrggv6w7-1ff910d4d27c87d5ffc8c199273bd45a{\npadding-bottom:0;\ncolor:#ffffff;\n}\nbody .av-special-heading.av-jrggv6w7-1ff910d4d27c87d5ffc8c199273bd45a .av-special-heading-tag .heading-char{\nfont-size:25px;\n}\n.av-special-heading.av-jrggv6w7-1ff910d4d27c87d5ffc8c199273bd45a .special-heading-inner-border{\nborder-color:#ffffff;\n}\n.av-special-heading.av-jrggv6w7-1ff910d4d27c87d5ffc8c199273bd45a .av-subheading{\nfont-size:15px;\n}\n<\/style>\n<div  class='av-special-heading av-jrggv6w7-1ff910d4d27c87d5ffc8c199273bd45a av-special-heading-h1 custom-color-heading  avia-builder-el-1  avia-builder-el-no-sibling '><h1 class='av-special-heading-tag '  itemprop=\"headline\"  >Vadesiz Hesap Kar\u015f\u0131la\u015ft\u0131rma<\/h1><div class=\"special-heading-border\"><div class=\"special-heading-inner-border\"><\/div><\/div><\/div>\n\n<\/div><\/div><\/main><!-- close content main element --><\/div><\/div><\/div><div id='av_breadcrumbs'  class='avia-section av-cogwiy-d06f1a40b25398c6dc9df1ff586c5152 main_color avia-section-default avia-no-border-styling  avia-builder-el-2  el_after_av_section  el_before_av_section  avia-bg-style-scroll container_wrap fullsize'  ><div class='container av-section-cont-open' ><div class='template-page content  av-content-full alpha units'><div class='post-entry post-entry-type-page post-entry-3546'><div class='entry-content-wrapper clearfix'>\n<section  class='av_textblock_section av-ae3sp6-6013c623aef50324e5879ef96a9a4f12 '   itemscope=\"itemscope\" itemtype=\"https:\/\/schema.org\/CreativeWork\" ><div class='avia_textblock'  itemprop=\"text\" ><p><span style=\"display: inline !important; float: none; background-color: #ffffff; color: #333333; cursor: text; font-family: Georgia,'Times New Roman','Bitstream Charter',Times,serif; font-size: 16px; font-style: normal; font-variant: normal; font-weight: 400; letter-spacing: normal; orphans: 2; text-align: left; text-decoration: none; text-indent: 0px; text-transform: none; -webkit-text-stroke-width: 0px; white-space: normal; word-spacing: 0px;\">[nm_breadcrumb]<\/span><\/p>\n<\/div><\/section>\n\n<\/div><\/div><\/div><!-- close content main div --><\/div><\/div><div id='av_section_3'  class='avia-section av-9gcy4q-af8aa9c54956e4ea40d8c05a542b817b main_color avia-section-default avia-no-border-styling  avia-builder-el-4  el_after_av_section  avia-builder-el-last  avia-bg-style-scroll container_wrap fullsize'  ><div class='container av-section-cont-open' ><div class='template-page content  av-content-full alpha units'><div class='post-entry post-entry-type-page post-entry-3546'><div class='entry-content-wrapper clearfix'>\n\n<style type=\"text\/css\" data-created_by=\"avia_inline_auto\" id=\"style-css-av-av_heading-96b3044c2e4392415aa079c594a2a1b9\">\n#top .av-special-heading.av-av_heading-96b3044c2e4392415aa079c594a2a1b9{\npadding-bottom:10px;\n}\nbody .av-special-heading.av-av_heading-96b3044c2e4392415aa079c594a2a1b9 .av-special-heading-tag .heading-char{\nfont-size:25px;\n}\n.av-special-heading.av-av_heading-96b3044c2e4392415aa079c594a2a1b9 .av-subheading{\nfont-size:15px;\n}\n<\/style>\n<div  class='av-special-heading av-av_heading-96b3044c2e4392415aa079c594a2a1b9 av-special-heading-h2 blockquote modern-quote  avia-builder-el-5  el_before_av_hr  avia-builder-el-first '><h2 class='av-special-heading-tag '  itemprop=\"headline\"  >Vadesiz Hesap Kar\u015f\u0131la\u015ft\u0131rma<\/h2><div class='av-subheading av-subheading_below'><p>&#8211; \u015eimdi web sitemizden \u2013 \u00fccretsiz ve y\u00fck\u00fcml\u00fcl\u00fc\u011f\u00fc olmadan &#8211; kar\u015f\u0131la\u015ft\u0131r\u0131n!<\/p>\n<\/div><div class=\"special-heading-border\"><div class=\"special-heading-inner-border\"><\/div><\/div><\/div>\n<div  class='hr av-62zqgq-b2ef7c7b812c6f65a01a4e082001c789 hr-default  avia-builder-el-6  el_after_av_heading  el_before_av_codeblock '><span class='hr-inner '><span class=\"hr-inner-style\"><\/span><\/span><\/div>\n\n<section  class='av_textblock_section av-2rfoh6-3aee911ccd3b8cb944346c3170976536 '   itemscope=\"itemscope\" itemtype=\"https:\/\/schema.org\/CreativeWork\" ><div class='avia_textblock'  itemprop=\"text\" ><p>*Bu Alan yaln\u0131zca Almanca dilinde mevcuttur.<\/p>\n<\/div><\/section>\n\n","protected":false},"excerpt":{"rendered":"","protected":false},"author":1,"featured_media":0,"parent":3527,"menu_order":0,"comment_status":"closed","ping_status":"closed","template":"","meta":{"_acf_changed":false,"footnotes":""},"class_list":["post-3546","page","type-page","status-publish","hentry"],"acf":[],"yoast_head":"<!-- This site is optimized with the Yoast SEO plugin v27.3 - https:\/\/yoast.com\/product\/yoast-seo-wordpress\/ -->\n<title>Vadesiz Hesap Kar\u015f\u0131la\u015ft\u0131rma &#8226; C.Kaya &amp; Kollegen<\/title>\n<meta name=\"robots\" content=\"index, follow, max-snippet:-1, max-image-preview:large, max-video-preview:-1\" \/>\n<link rel=\"canonical\" href=\"https:\/\/kaya-kollegen.de\/tr\/cesitli-hesaplama-araclari\/vadesiz-hesap-karsilastirma\/\" \/>\n<meta property=\"og:locale\" content=\"tr_TR\" \/>\n<meta property=\"og:type\" content=\"article\" \/>\n<meta property=\"og:title\" content=\"Vadesiz Hesap Kar\u015f\u0131la\u015ft\u0131rma &#8226; C.Kaya &amp; Kollegen\" \/>\n<meta property=\"og:url\" content=\"https:\/\/kaya-kollegen.de\/tr\/cesitli-hesaplama-araclari\/vadesiz-hesap-karsilastirma\/\" \/>\n<meta property=\"og:site_name\" content=\"C.Kaya &amp; Kollegen\" \/>\n<meta property=\"article:publisher\" content=\"https:\/\/www.facebook.com\/C-Kaya-Kollegen-934119340110147\/\" \/>\n<meta property=\"article:modified_time\" content=\"2019-01-29T21:03:58+00:00\" \/>\n<meta name=\"twitter:card\" content=\"summary_large_image\" \/>\n<meta name=\"twitter:label1\" content=\"Tahmini okuma s\u00fcresi\" \/>\n\t<meta name=\"twitter:data1\" content=\"3 dakika\" \/>\n<script type=\"application\/ld+json\" class=\"yoast-schema-graph\">{\"@context\":\"https:\\\/\\\/schema.org\",\"@graph\":[{\"@type\":\"WebPage\",\"@id\":\"https:\\\/\\\/kaya-kollegen.de\\\/tr\\\/cesitli-hesaplama-araclari\\\/vadesiz-hesap-karsilastirma\\\/\",\"url\":\"https:\\\/\\\/kaya-kollegen.de\\\/tr\\\/cesitli-hesaplama-araclari\\\/vadesiz-hesap-karsilastirma\\\/\",\"name\":\"Vadesiz Hesap Kar\u015f\u0131la\u015ft\u0131rma &#8226; C.Kaya &amp; Kollegen\",\"isPartOf\":{\"@id\":\"https:\\\/\\\/kaya-kollegen.de\\\/tr\\\/#website\"},\"datePublished\":\"2019-01-25T15:20:12+00:00\",\"dateModified\":\"2019-01-29T21:03:58+00:00\",\"breadcrumb\":{\"@id\":\"https:\\\/\\\/kaya-kollegen.de\\\/tr\\\/cesitli-hesaplama-araclari\\\/vadesiz-hesap-karsilastirma\\\/#breadcrumb\"},\"inLanguage\":\"tr\",\"potentialAction\":[{\"@type\":\"ReadAction\",\"target\":[\"https:\\\/\\\/kaya-kollegen.de\\\/tr\\\/cesitli-hesaplama-araclari\\\/vadesiz-hesap-karsilastirma\\\/\"]}]},{\"@type\":\"BreadcrumbList\",\"@id\":\"https:\\\/\\\/kaya-kollegen.de\\\/tr\\\/cesitli-hesaplama-araclari\\\/vadesiz-hesap-karsilastirma\\\/#breadcrumb\",\"itemListElement\":[{\"@type\":\"ListItem\",\"position\":1,\"name\":\"Startseite\",\"item\":\"https:\\\/\\\/kaya-kollegen.de\\\/tr\\\/anasayfa\\\/\"},{\"@type\":\"ListItem\",\"position\":2,\"name\":\"\u00c7e\u015fitli Hesaplama Ara\u00e7lar\u0131\",\"item\":\"https:\\\/\\\/kaya-kollegen.de\\\/tr\\\/cesitli-hesaplama-araclari\\\/\"},{\"@type\":\"ListItem\",\"position\":3,\"name\":\"Vadesiz Hesap Kar\u015f\u0131la\u015ft\u0131rma\"}]},{\"@type\":\"WebSite\",\"@id\":\"https:\\\/\\\/kaya-kollegen.de\\\/tr\\\/#website\",\"url\":\"https:\\\/\\\/kaya-kollegen.de\\\/tr\\\/\",\"name\":\"C.Kaya &amp; Kollegen\",\"description\":\"\",\"publisher\":{\"@id\":\"https:\\\/\\\/kaya-kollegen.de\\\/tr\\\/#organization\"},\"potentialAction\":[{\"@type\":\"SearchAction\",\"target\":{\"@type\":\"EntryPoint\",\"urlTemplate\":\"https:\\\/\\\/kaya-kollegen.de\\\/tr\\\/?s={search_term_string}\"},\"query-input\":{\"@type\":\"PropertyValueSpecification\",\"valueRequired\":true,\"valueName\":\"search_term_string\"}}],\"inLanguage\":\"tr\"},{\"@type\":\"Organization\",\"@id\":\"https:\\\/\\\/kaya-kollegen.de\\\/tr\\\/#organization\",\"name\":\"C.Kaya & Kollegen\",\"url\":\"https:\\\/\\\/kaya-kollegen.de\\\/tr\\\/\",\"logo\":{\"@type\":\"ImageObject\",\"inLanguage\":\"tr\",\"@id\":\"https:\\\/\\\/kaya-kollegen.de\\\/tr\\\/#\\\/schema\\\/logo\\\/image\\\/\",\"url\":\"https:\\\/\\\/kaya-kollegen.de\\\/wp-content\\\/uploads\\\/2019\\\/02\\\/logo_square.jpg\",\"contentUrl\":\"https:\\\/\\\/kaya-kollegen.de\\\/wp-content\\\/uploads\\\/2019\\\/02\\\/logo_square.jpg\",\"width\":500,\"height\":500,\"caption\":\"C.Kaya & Kollegen\"},\"image\":{\"@id\":\"https:\\\/\\\/kaya-kollegen.de\\\/tr\\\/#\\\/schema\\\/logo\\\/image\\\/\"},\"sameAs\":[\"https:\\\/\\\/www.facebook.com\\\/C-Kaya-Kollegen-934119340110147\\\/\",\"https:\\\/\\\/www.instagram.com\\\/c.kayaundkollegen\\\/\"]}]}<\/script>\n<!-- \/ Yoast SEO plugin. -->","yoast_head_json":{"title":"Vadesiz Hesap Kar\u015f\u0131la\u015ft\u0131rma &#8226; C.Kaya &amp; Kollegen","robots":{"index":"index","follow":"follow","max-snippet":"max-snippet:-1","max-image-preview":"max-image-preview:large","max-video-preview":"max-video-preview:-1"},"canonical":"https:\/\/kaya-kollegen.de\/tr\/cesitli-hesaplama-araclari\/vadesiz-hesap-karsilastirma\/","og_locale":"tr_TR","og_type":"article","og_title":"Vadesiz Hesap Kar\u015f\u0131la\u015ft\u0131rma &#8226; C.Kaya &amp; Kollegen","og_url":"https:\/\/kaya-kollegen.de\/tr\/cesitli-hesaplama-araclari\/vadesiz-hesap-karsilastirma\/","og_site_name":"C.Kaya &amp; Kollegen","article_publisher":"https:\/\/www.facebook.com\/C-Kaya-Kollegen-934119340110147\/","article_modified_time":"2019-01-29T21:03:58+00:00","twitter_card":"summary_large_image","twitter_misc":{"Tahmini okuma s\u00fcresi":"3 dakika"},"schema":{"@context":"https:\/\/schema.org","@graph":[{"@type":"WebPage","@id":"https:\/\/kaya-kollegen.de\/tr\/cesitli-hesaplama-araclari\/vadesiz-hesap-karsilastirma\/","url":"https:\/\/kaya-kollegen.de\/tr\/cesitli-hesaplama-araclari\/vadesiz-hesap-karsilastirma\/","name":"Vadesiz Hesap Kar\u015f\u0131la\u015ft\u0131rma &#8226; C.Kaya &amp; Kollegen","isPartOf":{"@id":"https:\/\/kaya-kollegen.de\/tr\/#website"},"datePublished":"2019-01-25T15:20:12+00:00","dateModified":"2019-01-29T21:03:58+00:00","breadcrumb":{"@id":"https:\/\/kaya-kollegen.de\/tr\/cesitli-hesaplama-araclari\/vadesiz-hesap-karsilastirma\/#breadcrumb"},"inLanguage":"tr","potentialAction":[{"@type":"ReadAction","target":["https:\/\/kaya-kollegen.de\/tr\/cesitli-hesaplama-araclari\/vadesiz-hesap-karsilastirma\/"]}]},{"@type":"BreadcrumbList","@id":"https:\/\/kaya-kollegen.de\/tr\/cesitli-hesaplama-araclari\/vadesiz-hesap-karsilastirma\/#breadcrumb","itemListElement":[{"@type":"ListItem","position":1,"name":"Startseite","item":"https:\/\/kaya-kollegen.de\/tr\/anasayfa\/"},{"@type":"ListItem","position":2,"name":"\u00c7e\u015fitli Hesaplama Ara\u00e7lar\u0131","item":"https:\/\/kaya-kollegen.de\/tr\/cesitli-hesaplama-araclari\/"},{"@type":"ListItem","position":3,"name":"Vadesiz Hesap Kar\u015f\u0131la\u015ft\u0131rma"}]},{"@type":"WebSite","@id":"https:\/\/kaya-kollegen.de\/tr\/#website","url":"https:\/\/kaya-kollegen.de\/tr\/","name":"C.Kaya &amp; Kollegen","description":"","publisher":{"@id":"https:\/\/kaya-kollegen.de\/tr\/#organization"},"potentialAction":[{"@type":"SearchAction","target":{"@type":"EntryPoint","urlTemplate":"https:\/\/kaya-kollegen.de\/tr\/?s={search_term_string}"},"query-input":{"@type":"PropertyValueSpecification","valueRequired":true,"valueName":"search_term_string"}}],"inLanguage":"tr"},{"@type":"Organization","@id":"https:\/\/kaya-kollegen.de\/tr\/#organization","name":"C.Kaya & Kollegen","url":"https:\/\/kaya-kollegen.de\/tr\/","logo":{"@type":"ImageObject","inLanguage":"tr","@id":"https:\/\/kaya-kollegen.de\/tr\/#\/schema\/logo\/image\/","url":"https:\/\/kaya-kollegen.de\/wp-content\/uploads\/2019\/02\/logo_square.jpg","contentUrl":"https:\/\/kaya-kollegen.de\/wp-content\/uploads\/2019\/02\/logo_square.jpg","width":500,"height":500,"caption":"C.Kaya & Kollegen"},"image":{"@id":"https:\/\/kaya-kollegen.de\/tr\/#\/schema\/logo\/image\/"},"sameAs":["https:\/\/www.facebook.com\/C-Kaya-Kollegen-934119340110147\/","https:\/\/www.instagram.com\/c.kayaundkollegen\/"]}]}},"_links":{"self":[{"href":"https:\/\/kaya-kollegen.de\/tr\/wp-json\/wp\/v2\/pages\/3546","targetHints":{"allow":["GET"]}}],"collection":[{"href":"https:\/\/kaya-kollegen.de\/tr\/wp-json\/wp\/v2\/pages"}],"about":[{"href":"https:\/\/kaya-kollegen.de\/tr\/wp-json\/wp\/v2\/types\/page"}],"author":[{"embeddable":true,"href":"https:\/\/kaya-kollegen.de\/tr\/wp-json\/wp\/v2\/users\/1"}],"replies":[{"embeddable":true,"href":"https:\/\/kaya-kollegen.de\/tr\/wp-json\/wp\/v2\/comments?post=3546"}],"version-history":[{"count":0,"href":"https:\/\/kaya-kollegen.de\/tr\/wp-json\/wp\/v2\/pages\/3546\/revisions"}],"up":[{"embeddable":true,"href":"https:\/\/kaya-kollegen.de\/tr\/wp-json\/wp\/v2\/pages\/3527"}],"wp:attachment":[{"href":"https:\/\/kaya-kollegen.de\/tr\/wp-json\/wp\/v2\/media?parent=3546"}],"curies":[{"name":"wp","href":"https:\/\/api.w.org\/{rel}","templated":true}]}}