{"id":2301,"date":"2018-12-24T01:53:03","date_gmt":"2018-12-24T00:53:03","guid":{"rendered":"https:\/\/kaya-kollegen.de\/taksitli-kredi\/kredit-beispiel-copy\/"},"modified":"2019-10-11T15:48:33","modified_gmt":"2019-10-11T13:48:33","slug":"kredikarsilastirmaoernegi","status":"publish","type":"page","link":"https:\/\/kaya-kollegen.de\/tr\/ihtiyackredisi\/kredikarsilastirmaoernegi\/","title":{"rendered":"Kredi Kar\u015f\u0131la\u015ft\u0131rma \u00d6rne\u011fi"},"content":{"rendered":"\n<style type=\"text\/css\" data-created_by=\"avia_inline_auto\" id=\"style-css-av-ydxoa-c3629d094bcfcdc187600bb716746f20\">\n.avia-section.av-ydxoa-c3629d094bcfcdc187600bb716746f20{\nbackground-repeat:no-repeat;\nbackground-image:url(https:\/\/kaya-kollegen.de\/wp-content\/uploads\/2018\/07\/architecture-2256489.jpg);\nbackground-position:50% 50%;\nbackground-attachment:fixed;\n}\n.avia-section.av-ydxoa-c3629d094bcfcdc187600bb716746f20 .av-section-color-overlay{\nopacity:0.8;\nbackground-color:#d8002f;\n}\n<\/style>\n<div id='page_title'  class='avia-section av-ydxoa-c3629d094bcfcdc187600bb716746f20 main_color avia-section-default avia-no-shadow  avia-builder-el-0  el_before_av_section  avia-builder-el-first  avia-full-stretch avia-bg-style-fixed av-section-color-overlay-active container_wrap fullsize'  data-section-bg-repeat='stretch'><div class=\"av-section-color-overlay-wrap\"><div class=\"av-section-color-overlay\"><\/div><div class='container av-section-cont-open' ><main  role=\"main\" itemprop=\"mainContentOfPage\"  class='template-page content  av-content-full alpha units'><div class='post-entry post-entry-type-page post-entry-2301'><div class='entry-content-wrapper clearfix'>\n\n<style type=\"text\/css\" data-created_by=\"avia_inline_auto\" id=\"style-css-av-jrc4m8w1-212adf8c1594486526fc3af36eabe6a9\">\n#top .av-special-heading.av-jrc4m8w1-212adf8c1594486526fc3af36eabe6a9{\npadding-bottom:0;\ncolor:#ffffff;\n}\nbody .av-special-heading.av-jrc4m8w1-212adf8c1594486526fc3af36eabe6a9 .av-special-heading-tag .heading-char{\nfont-size:25px;\n}\n.av-special-heading.av-jrc4m8w1-212adf8c1594486526fc3af36eabe6a9 .special-heading-inner-border{\nborder-color:#ffffff;\n}\n.av-special-heading.av-jrc4m8w1-212adf8c1594486526fc3af36eabe6a9 .av-subheading{\nfont-size:15px;\n}\n<\/style>\n<div  class='av-special-heading av-jrc4m8w1-212adf8c1594486526fc3af36eabe6a9 av-special-heading-h1 custom-color-heading  avia-builder-el-1  avia-builder-el-no-sibling '><h1 class='av-special-heading-tag '  itemprop=\"headline\"  >Kredi Kar\u015f\u0131la\u015ft\u0131rma \u00d6rne\u011fi <\/h1><div class=\"special-heading-border\"><div class=\"special-heading-inner-border\"><\/div><\/div><\/div>\n\n<\/div><\/div><\/main><!-- close content main element --><\/div><\/div><\/div><div id='av_breadcrumbs'  class='avia-section av-x8m0q-b58cb5520578b9df15f0e3a021dfad1c main_color avia-section-default avia-no-shadow  avia-builder-el-2  el_after_av_section  el_before_av_section  avia-bg-style-scroll container_wrap fullsize'  ><div class='container av-section-cont-open' ><div class='template-page content  av-content-full alpha units'><div class='post-entry post-entry-type-page post-entry-2301'><div class='entry-content-wrapper clearfix'>\n<section  class='av_textblock_section av-wa4te-62ef101aaa3137583e51072073506088 '   itemscope=\"itemscope\" itemtype=\"https:\/\/schema.org\/CreativeWork\" ><div class='avia_textblock'  itemprop=\"text\" ><p>[nm_breadcrumb]<\/p>\n<\/div><\/section>\n\n<\/div><\/div><\/div><!-- close content main div --><\/div><\/div><div id='av_section_3'  class='avia-section av-1kkw6-fa6bfe49909e91d99b3cec148b17d01f main_color avia-section-default avia-no-border-styling  avia-builder-el-4  el_after_av_section  avia-builder-el-last  avia-bg-style-scroll container_wrap fullsize'  ><div class='container av-section-cont-open' ><div class='template-page content  av-content-full alpha units'><div class='post-entry post-entry-type-page post-entry-2301'><div class='entry-content-wrapper clearfix'>\n\n<style type=\"text\/css\" data-created_by=\"avia_inline_auto\" id=\"style-css-av-2bbuu-6ed36f443ad8ff56ba90e6dba23b861c\">\n.flex_column.av-2bbuu-6ed36f443ad8ff56ba90e6dba23b861c{\nborder-radius:0px 0px 0px 0px;\npadding:0px 0px 0px 0px;\n}\n<\/style>\n<div  class='flex_column av-2bbuu-6ed36f443ad8ff56ba90e6dba23b861c av_two_third  avia-builder-el-5  el_before_av_one_third  avia-builder-el-first  first flex_column_div av-zero-column-padding  '     ><style type=\"text\/css\" data-created_by=\"avia_inline_auto\" id=\"style-css-av-av_heading-dcbc0bd1dc323c033f13845c1e34f2d9\">\n#top .av-special-heading.av-av_heading-dcbc0bd1dc323c033f13845c1e34f2d9{\npadding-bottom:10px;\n}\nbody .av-special-heading.av-av_heading-dcbc0bd1dc323c033f13845c1e34f2d9 .av-special-heading-tag .heading-char{\nfont-size:25px;\n}\n.av-special-heading.av-av_heading-dcbc0bd1dc323c033f13845c1e34f2d9 .av-subheading{\nfont-size:15px;\n}\n<\/style>\n<div  class='av-special-heading av-av_heading-dcbc0bd1dc323c033f13845c1e34f2d9 av-special-heading-h2 blockquote modern-quote  avia-builder-el-6  avia-builder-el-no-sibling '><h2 class='av-special-heading-tag '  itemprop=\"headline\"  >Kredi Kar\u015f\u0131la\u015ft\u0131rma \u00d6rne\u011fi <\/h2><div class=\"special-heading-border\"><div class=\"special-heading-inner-border\"><\/div><\/div><\/div><\/div>\n<style type=\"text\/css\" data-created_by=\"avia_inline_auto\" id=\"style-css-av-13kxm-2ce840fbf66c7e0e4287e75478822b96\">\n.flex_column.av-13kxm-2ce840fbf66c7e0e4287e75478822b96{\nborder-radius:0px 0px 0px 0px;\npadding:0 0 0 0;\n}\n<\/style>\n<div  class='flex_column av-13kxm-2ce840fbf66c7e0e4287e75478822b96 av_one_third  avia-builder-el-7  el_after_av_two_third  el_before_av_textblock  flex_column_div av-zero-column-padding  '     ><div  class='avia-button-wrap av-jrc3q4mz-31286fbcb47fa0089a3329f447258faa-wrap avia-button-center  avia-builder-el-8  avia-builder-el-no-sibling '><a href='https:\/\/kaya-kollegen.de\/tr\/ihtiyackredisi\/kredikarsilastirma\/'  class='avia-button av-jrc3q4mz-31286fbcb47fa0089a3329f447258faa av-link-btn avia-icon_select-no avia-size-medium avia-position-center avia-color-theme-color'   aria-label=\"TEKL\u0130F HESAPLAMA\"><span class='avia_iconbox_title' >TEKL\u0130F HESAPLAMA<\/span><\/a><\/div><\/div><section  class='av_textblock_section av-uyggi-8b4877c39467225a5c0f425a9b5b44e3 '   itemscope=\"itemscope\" itemtype=\"https:\/\/schema.org\/CreativeWork\" ><div class='avia_textblock'  itemprop=\"text\" ><p>A\u015fa\u011f\u0131da tablo halinde iki bankan\u0131n kar\u015f\u0131la\u015ft\u0131rmas\u0131n\u0131 g\u00f6rebilirsiniz:<\/p>\n<hr \/>\n<p><a href=\"https:\/\/kaya-kollegen.de\/wp-content\/uploads\/2019\/10\/PicsArt_10-11-03.40.26-1.png\"><img loading=\"lazy\" decoding=\"async\" class=\"aligncenter wp-image-4621\" src=\"https:\/\/kaya-kollegen.de\/wp-content\/uploads\/2019\/10\/PicsArt_10-11-03.40.26-1.png\" alt=\"\" width=\"1083\" height=\"117\" srcset=\"https:\/\/kaya-kollegen.de\/wp-content\/uploads\/2019\/10\/PicsArt_10-11-03.40.26-1.png 796w, https:\/\/kaya-kollegen.de\/wp-content\/uploads\/2019\/10\/PicsArt_10-11-03.40.26-1-300x32.png 300w, https:\/\/kaya-kollegen.de\/wp-content\/uploads\/2019\/10\/PicsArt_10-11-03.40.26-1-768x83.png 768w, https:\/\/kaya-kollegen.de\/wp-content\/uploads\/2019\/10\/PicsArt_10-11-03.40.26-1-705x76.png 705w, https:\/\/kaya-kollegen.de\/wp-content\/uploads\/2019\/10\/PicsArt_10-11-03.40.26-1-450x49.png 450w\" sizes=\"auto, (max-width: 1083px) 100vw, 1083px\" \/><\/a><\/p>\n<h4><\/h4>\n<hr \/>\n<p>Bu tabloda okundu\u011fu \u00fczere, anaparan\u0131n 15.000\u20ac oldu\u011funu varsayarsak 1. bankan\u0131n teklifiyle 2. bankan\u0131n teklifini kar\u015f\u0131la\u015ft\u0131rd\u0131\u011f\u0131m\u0131zda 84 ay vadeli bir kredide <strong>ayda 31\u20ac tasarruf<\/strong> edildi\u011fini g\u00f6r\u00fcyoruz. Ayr\u0131ca <strong>3.509,52 \u20ac faiz<\/strong> <strong>miktar\u0131ndan<\/strong> <strong>tasarruf<\/strong> ediyorsunuz.<\/p>\n<div data-canvas-width=\"626.1200000000002\">Size uygun <a href=\"https:\/\/kaya-kollegen.de\/tr\/ihtiyackredisi\/kredikarsilastirma\/\">teklifleri<\/a> \u015fimdi <a href=\"https:\/\/kaya-kollegen.de\/tr\/ihtiyackredisi\/kredikarsilastirma\/\">inceleyin<\/a> veya size olabildi\u011fince en uygun krediyi bulup sonu\u00e7land\u0131rmak i\u00e7in \u00fccretsiz dan\u0131\u015fmanl\u0131k hizmeti al\u0131n.<\/div>\n<\/div><\/section>\n\n","protected":false},"excerpt":{"rendered":"","protected":false},"author":1,"featured_media":0,"parent":826,"menu_order":0,"comment_status":"closed","ping_status":"closed","template":"","meta":{"_acf_changed":false,"footnotes":""},"class_list":["post-2301","page","type-page","status-publish","hentry"],"acf":[],"yoast_head":"<!-- This site is optimized with the Yoast SEO plugin v27.3 - https:\/\/yoast.com\/product\/yoast-seo-wordpress\/ -->\n<title>Kredi Kar\u015f\u0131la\u015ft\u0131rma \u00d6rne\u011fi &#8226; C.Kaya &amp; Kollegen<\/title>\n<meta name=\"robots\" content=\"index, follow, max-snippet:-1, max-image-preview:large, max-video-preview:-1\" \/>\n<link rel=\"canonical\" href=\"https:\/\/kaya-kollegen.de\/tr\/ihtiyackredisi\/kredikarsilastirmaoernegi\/\" \/>\n<meta property=\"og:locale\" content=\"tr_TR\" \/>\n<meta property=\"og:type\" content=\"article\" \/>\n<meta property=\"og:title\" content=\"Kredi Kar\u015f\u0131la\u015ft\u0131rma \u00d6rne\u011fi &#8226; C.Kaya &amp; Kollegen\" \/>\n<meta property=\"og:url\" content=\"https:\/\/kaya-kollegen.de\/tr\/ihtiyackredisi\/kredikarsilastirmaoernegi\/\" \/>\n<meta property=\"og:site_name\" content=\"C.Kaya &amp; Kollegen\" \/>\n<meta property=\"article:publisher\" content=\"https:\/\/www.facebook.com\/C-Kaya-Kollegen-934119340110147\/\" \/>\n<meta property=\"article:modified_time\" content=\"2019-10-11T13:48:33+00:00\" \/>\n<meta property=\"og:image\" content=\"https:\/\/kaya-kollegen.de\/wp-content\/uploads\/2019\/10\/PicsArt_10-11-03.40.26-1.png\" \/>\n<meta name=\"twitter:card\" content=\"summary_large_image\" \/>\n<meta name=\"twitter:label1\" content=\"Tahmini okuma s\u00fcresi\" \/>\n\t<meta name=\"twitter:data1\" content=\"4 dakika\" \/>\n<script type=\"application\/ld+json\" class=\"yoast-schema-graph\">{\"@context\":\"https:\\\/\\\/schema.org\",\"@graph\":[{\"@type\":\"WebPage\",\"@id\":\"https:\\\/\\\/kaya-kollegen.de\\\/tr\\\/ihtiyackredisi\\\/kredikarsilastirmaoernegi\\\/\",\"url\":\"https:\\\/\\\/kaya-kollegen.de\\\/tr\\\/ihtiyackredisi\\\/kredikarsilastirmaoernegi\\\/\",\"name\":\"Kredi Kar\u015f\u0131la\u015ft\u0131rma \u00d6rne\u011fi &#8226; C.Kaya &amp; Kollegen\",\"isPartOf\":{\"@id\":\"https:\\\/\\\/kaya-kollegen.de\\\/tr\\\/#website\"},\"primaryImageOfPage\":{\"@id\":\"https:\\\/\\\/kaya-kollegen.de\\\/tr\\\/ihtiyackredisi\\\/kredikarsilastirmaoernegi\\\/#primaryimage\"},\"image\":{\"@id\":\"https:\\\/\\\/kaya-kollegen.de\\\/tr\\\/ihtiyackredisi\\\/kredikarsilastirmaoernegi\\\/#primaryimage\"},\"thumbnailUrl\":\"https:\\\/\\\/kaya-kollegen.de\\\/wp-content\\\/uploads\\\/2019\\\/10\\\/PicsArt_10-11-03.40.26-1.png\",\"datePublished\":\"2018-12-24T00:53:03+00:00\",\"dateModified\":\"2019-10-11T13:48:33+00:00\",\"breadcrumb\":{\"@id\":\"https:\\\/\\\/kaya-kollegen.de\\\/tr\\\/ihtiyackredisi\\\/kredikarsilastirmaoernegi\\\/#breadcrumb\"},\"inLanguage\":\"tr\",\"potentialAction\":[{\"@type\":\"ReadAction\",\"target\":[\"https:\\\/\\\/kaya-kollegen.de\\\/tr\\\/ihtiyackredisi\\\/kredikarsilastirmaoernegi\\\/\"]}]},{\"@type\":\"ImageObject\",\"inLanguage\":\"tr\",\"@id\":\"https:\\\/\\\/kaya-kollegen.de\\\/tr\\\/ihtiyackredisi\\\/kredikarsilastirmaoernegi\\\/#primaryimage\",\"url\":\"https:\\\/\\\/kaya-kollegen.de\\\/wp-content\\\/uploads\\\/2019\\\/10\\\/PicsArt_10-11-03.40.26-1.png\",\"contentUrl\":\"https:\\\/\\\/kaya-kollegen.de\\\/wp-content\\\/uploads\\\/2019\\\/10\\\/PicsArt_10-11-03.40.26-1.png\"},{\"@type\":\"BreadcrumbList\",\"@id\":\"https:\\\/\\\/kaya-kollegen.de\\\/tr\\\/ihtiyackredisi\\\/kredikarsilastirmaoernegi\\\/#breadcrumb\",\"itemListElement\":[{\"@type\":\"ListItem\",\"position\":1,\"name\":\"Startseite\",\"item\":\"https:\\\/\\\/kaya-kollegen.de\\\/tr\\\/anasayfa\\\/\"},{\"@type\":\"ListItem\",\"position\":2,\"name\":\"Ihtiyac Kredisi\",\"item\":\"https:\\\/\\\/kaya-kollegen.de\\\/tr\\\/ihtiyackredisi\\\/\"},{\"@type\":\"ListItem\",\"position\":3,\"name\":\"Kredi Kar\u015f\u0131la\u015ft\u0131rma \u00d6rne\u011fi\"}]},{\"@type\":\"WebSite\",\"@id\":\"https:\\\/\\\/kaya-kollegen.de\\\/tr\\\/#website\",\"url\":\"https:\\\/\\\/kaya-kollegen.de\\\/tr\\\/\",\"name\":\"C.Kaya &amp; Kollegen\",\"description\":\"\",\"publisher\":{\"@id\":\"https:\\\/\\\/kaya-kollegen.de\\\/tr\\\/#organization\"},\"potentialAction\":[{\"@type\":\"SearchAction\",\"target\":{\"@type\":\"EntryPoint\",\"urlTemplate\":\"https:\\\/\\\/kaya-kollegen.de\\\/tr\\\/?s={search_term_string}\"},\"query-input\":{\"@type\":\"PropertyValueSpecification\",\"valueRequired\":true,\"valueName\":\"search_term_string\"}}],\"inLanguage\":\"tr\"},{\"@type\":\"Organization\",\"@id\":\"https:\\\/\\\/kaya-kollegen.de\\\/tr\\\/#organization\",\"name\":\"C.Kaya & Kollegen\",\"url\":\"https:\\\/\\\/kaya-kollegen.de\\\/tr\\\/\",\"logo\":{\"@type\":\"ImageObject\",\"inLanguage\":\"tr\",\"@id\":\"https:\\\/\\\/kaya-kollegen.de\\\/tr\\\/#\\\/schema\\\/logo\\\/image\\\/\",\"url\":\"https:\\\/\\\/kaya-kollegen.de\\\/wp-content\\\/uploads\\\/2019\\\/02\\\/logo_square.jpg\",\"contentUrl\":\"https:\\\/\\\/kaya-kollegen.de\\\/wp-content\\\/uploads\\\/2019\\\/02\\\/logo_square.jpg\",\"width\":500,\"height\":500,\"caption\":\"C.Kaya & Kollegen\"},\"image\":{\"@id\":\"https:\\\/\\\/kaya-kollegen.de\\\/tr\\\/#\\\/schema\\\/logo\\\/image\\\/\"},\"sameAs\":[\"https:\\\/\\\/www.facebook.com\\\/C-Kaya-Kollegen-934119340110147\\\/\",\"https:\\\/\\\/www.instagram.com\\\/c.kayaundkollegen\\\/\"]}]}<\/script>\n<!-- \/ Yoast SEO plugin. -->","yoast_head_json":{"title":"Kredi Kar\u015f\u0131la\u015ft\u0131rma \u00d6rne\u011fi &#8226; C.Kaya &amp; Kollegen","robots":{"index":"index","follow":"follow","max-snippet":"max-snippet:-1","max-image-preview":"max-image-preview:large","max-video-preview":"max-video-preview:-1"},"canonical":"https:\/\/kaya-kollegen.de\/tr\/ihtiyackredisi\/kredikarsilastirmaoernegi\/","og_locale":"tr_TR","og_type":"article","og_title":"Kredi Kar\u015f\u0131la\u015ft\u0131rma \u00d6rne\u011fi &#8226; C.Kaya &amp; Kollegen","og_url":"https:\/\/kaya-kollegen.de\/tr\/ihtiyackredisi\/kredikarsilastirmaoernegi\/","og_site_name":"C.Kaya &amp; Kollegen","article_publisher":"https:\/\/www.facebook.com\/C-Kaya-Kollegen-934119340110147\/","article_modified_time":"2019-10-11T13:48:33+00:00","og_image":[{"url":"https:\/\/kaya-kollegen.de\/wp-content\/uploads\/2019\/10\/PicsArt_10-11-03.40.26-1.png","type":"","width":"","height":""}],"twitter_card":"summary_large_image","twitter_misc":{"Tahmini okuma s\u00fcresi":"4 dakika"},"schema":{"@context":"https:\/\/schema.org","@graph":[{"@type":"WebPage","@id":"https:\/\/kaya-kollegen.de\/tr\/ihtiyackredisi\/kredikarsilastirmaoernegi\/","url":"https:\/\/kaya-kollegen.de\/tr\/ihtiyackredisi\/kredikarsilastirmaoernegi\/","name":"Kredi Kar\u015f\u0131la\u015ft\u0131rma \u00d6rne\u011fi &#8226; C.Kaya &amp; Kollegen","isPartOf":{"@id":"https:\/\/kaya-kollegen.de\/tr\/#website"},"primaryImageOfPage":{"@id":"https:\/\/kaya-kollegen.de\/tr\/ihtiyackredisi\/kredikarsilastirmaoernegi\/#primaryimage"},"image":{"@id":"https:\/\/kaya-kollegen.de\/tr\/ihtiyackredisi\/kredikarsilastirmaoernegi\/#primaryimage"},"thumbnailUrl":"https:\/\/kaya-kollegen.de\/wp-content\/uploads\/2019\/10\/PicsArt_10-11-03.40.26-1.png","datePublished":"2018-12-24T00:53:03+00:00","dateModified":"2019-10-11T13:48:33+00:00","breadcrumb":{"@id":"https:\/\/kaya-kollegen.de\/tr\/ihtiyackredisi\/kredikarsilastirmaoernegi\/#breadcrumb"},"inLanguage":"tr","potentialAction":[{"@type":"ReadAction","target":["https:\/\/kaya-kollegen.de\/tr\/ihtiyackredisi\/kredikarsilastirmaoernegi\/"]}]},{"@type":"ImageObject","inLanguage":"tr","@id":"https:\/\/kaya-kollegen.de\/tr\/ihtiyackredisi\/kredikarsilastirmaoernegi\/#primaryimage","url":"https:\/\/kaya-kollegen.de\/wp-content\/uploads\/2019\/10\/PicsArt_10-11-03.40.26-1.png","contentUrl":"https:\/\/kaya-kollegen.de\/wp-content\/uploads\/2019\/10\/PicsArt_10-11-03.40.26-1.png"},{"@type":"BreadcrumbList","@id":"https:\/\/kaya-kollegen.de\/tr\/ihtiyackredisi\/kredikarsilastirmaoernegi\/#breadcrumb","itemListElement":[{"@type":"ListItem","position":1,"name":"Startseite","item":"https:\/\/kaya-kollegen.de\/tr\/anasayfa\/"},{"@type":"ListItem","position":2,"name":"Ihtiyac Kredisi","item":"https:\/\/kaya-kollegen.de\/tr\/ihtiyackredisi\/"},{"@type":"ListItem","position":3,"name":"Kredi Kar\u015f\u0131la\u015ft\u0131rma \u00d6rne\u011fi"}]},{"@type":"WebSite","@id":"https:\/\/kaya-kollegen.de\/tr\/#website","url":"https:\/\/kaya-kollegen.de\/tr\/","name":"C.Kaya &amp; Kollegen","description":"","publisher":{"@id":"https:\/\/kaya-kollegen.de\/tr\/#organization"},"potentialAction":[{"@type":"SearchAction","target":{"@type":"EntryPoint","urlTemplate":"https:\/\/kaya-kollegen.de\/tr\/?s={search_term_string}"},"query-input":{"@type":"PropertyValueSpecification","valueRequired":true,"valueName":"search_term_string"}}],"inLanguage":"tr"},{"@type":"Organization","@id":"https:\/\/kaya-kollegen.de\/tr\/#organization","name":"C.Kaya & Kollegen","url":"https:\/\/kaya-kollegen.de\/tr\/","logo":{"@type":"ImageObject","inLanguage":"tr","@id":"https:\/\/kaya-kollegen.de\/tr\/#\/schema\/logo\/image\/","url":"https:\/\/kaya-kollegen.de\/wp-content\/uploads\/2019\/02\/logo_square.jpg","contentUrl":"https:\/\/kaya-kollegen.de\/wp-content\/uploads\/2019\/02\/logo_square.jpg","width":500,"height":500,"caption":"C.Kaya & Kollegen"},"image":{"@id":"https:\/\/kaya-kollegen.de\/tr\/#\/schema\/logo\/image\/"},"sameAs":["https:\/\/www.facebook.com\/C-Kaya-Kollegen-934119340110147\/","https:\/\/www.instagram.com\/c.kayaundkollegen\/"]}]}},"_links":{"self":[{"href":"https:\/\/kaya-kollegen.de\/tr\/wp-json\/wp\/v2\/pages\/2301","targetHints":{"allow":["GET"]}}],"collection":[{"href":"https:\/\/kaya-kollegen.de\/tr\/wp-json\/wp\/v2\/pages"}],"about":[{"href":"https:\/\/kaya-kollegen.de\/tr\/wp-json\/wp\/v2\/types\/page"}],"author":[{"embeddable":true,"href":"https:\/\/kaya-kollegen.de\/tr\/wp-json\/wp\/v2\/users\/1"}],"replies":[{"embeddable":true,"href":"https:\/\/kaya-kollegen.de\/tr\/wp-json\/wp\/v2\/comments?post=2301"}],"version-history":[{"count":0,"href":"https:\/\/kaya-kollegen.de\/tr\/wp-json\/wp\/v2\/pages\/2301\/revisions"}],"up":[{"embeddable":true,"href":"https:\/\/kaya-kollegen.de\/tr\/wp-json\/wp\/v2\/pages\/826"}],"wp:attachment":[{"href":"https:\/\/kaya-kollegen.de\/tr\/wp-json\/wp\/v2\/media?parent=2301"}],"curies":[{"name":"wp","href":"https:\/\/api.w.org\/{rel}","templated":true}]}}